{"id":303,"date":"2014-07-08T23:24:45","date_gmt":"2014-07-08T21:24:45","guid":{"rendered":"https:\/\/www.motopraxis.at\/?page_id=303"},"modified":"2014-07-08T23:24:45","modified_gmt":"2014-07-08T21:24:45","slug":"referenzen","status":"publish","type":"page","link":"https:\/\/www.motopraxis.at\/?page_id=303","title":{"rendered":"Referenzen"},"content":{"rendered":"<p style=\"text-align: center;\"><strong><span style=\"text-decoration: underline;\">Vortr\u00e4ge und Workshops<\/span><\/strong><\/p>\n<p style=\"text-align: center;\">Vortragende an der Majewski Akademie Schwabach (N\u00fcrnberg)<\/p>\n<p style=\"text-align: center;\">Bildungsanstalt f\u00fcr Kindergartenp\u00e4dagogik Mistelbach<\/p>\n<p style=\"text-align: center;\">P\u00e4dagogische Hochschule Wien<\/p>\n<p style=\"text-align: center;\">Referentin f\u00fcr Seniorentrainer beim Katholischen Bildungswerk, ASK\u00d6 und \u00a0ASV\u00d6<\/p>\n<p style=\"text-align: center;\"><strong><span style=\"text-decoration: underline;\">Praxisangebote<\/span><\/strong><\/p>\n<p style=\"text-align: center;\">Kindergruppe im Kindergarten Triestinggasse, Wien 21<\/p>\n<p style=\"text-align: center;\">Kindergruppe VS Lavantgasse, Wien 21<\/p>\n<p style=\"text-align: center;\">Eltern-Kind-Gruppe der Sportunion Wolkersdorf<\/p>\n<p style=\"text-align: center;\">Kindersportwoche der Sportunion Wolkersdorf<\/p>\n<p style=\"text-align: center;\">Kindergruppe im Kindergarten Kagraner Platz, Wien 22<\/p>\n<p style=\"text-align: center;\">Landespflege- und Pensionistenheim Wolkersdorf &#8222;Margarethaheim&#8220;<\/p>\n<p style=\"text-align: center;\">Landespflege- und Pensionistenheim G\u00e4nserndorf &#8222;Barbaraheim&#8220;<\/p>\n<p>&nbsp;<\/p>\n<p>&nbsp;<\/p>\n<p>&nbsp;<\/p>\n","protected":false},"excerpt":{"rendered":"<p>Vortr\u00e4ge und Workshops Vortragende an der Majewski Akademie Schwabach (N\u00fcrnberg) Bildungsanstalt f\u00fcr Kindergartenp\u00e4dagogik Mistelbach P\u00e4dagogische Hochschule Wien Referentin f\u00fcr Seniorentrainer beim Katholischen Bildungswerk, ASK\u00d6 und \u00a0ASV\u00d6 Praxisangebote Kindergruppe im Kindergarten Triestinggasse, Wien 21 Kindergruppe VS Lavantgasse, Wien 21 Eltern-Kind-Gruppe der Sportunion Wolkersdorf Kindersportwoche der Sportunion Wolkersdorf Kindergruppe im Kindergarten Kagraner Platz, Wien 22 Landespflege- und [&hellip;]<\/p>\n","protected":false},"author":1,"featured_media":0,"parent":0,"menu_order":0,"comment_status":"open","ping_status":"open","template":"","meta":{"footnotes":""},"class_list":["post-303","page","type-page","status-publish","hentry"],"_links":{"self":[{"href":"https:\/\/www.motopraxis.at\/index.php?rest_route=\/wp\/v2\/pages\/303","targetHints":{"allow":["GET"]}}],"collection":[{"href":"https:\/\/www.motopraxis.at\/index.php?rest_route=\/wp\/v2\/pages"}],"about":[{"href":"https:\/\/www.motopraxis.at\/index.php?rest_route=\/wp\/v2\/types\/page"}],"author":[{"embeddable":true,"href":"https:\/\/www.motopraxis.at\/index.php?rest_route=\/wp\/v2\/users\/1"}],"replies":[{"embeddable":true,"href":"https:\/\/www.motopraxis.at\/index.php?rest_route=%2Fwp%2Fv2%2Fcomments&post=303"}],"version-history":[{"count":1,"href":"https:\/\/www.motopraxis.at\/index.php?rest_route=\/wp\/v2\/pages\/303\/revisions"}],"predecessor-version":[{"id":304,"href":"https:\/\/www.motopraxis.at\/index.php?rest_route=\/wp\/v2\/pages\/303\/revisions\/304"}],"wp:attachment":[{"href":"https:\/\/www.motopraxis.at\/index.php?rest_route=%2Fwp%2Fv2%2Fmedia&parent=303"}],"curies":[{"name":"wp","href":"https:\/\/api.w.org\/{rel}","templated":true}]}}