{"id":756,"date":"2019-07-31T19:19:28","date_gmt":"2019-07-31T17:19:28","guid":{"rendered":"https:\/\/www.motopraxis.at\/?page_id=756"},"modified":"2019-07-31T19:19:28","modified_gmt":"2019-07-31T17:19:28","slug":"ueber-mich","status":"publish","type":"page","link":"https:\/\/www.motopraxis.at\/","title":{"rendered":"\u00dcber mich"},"content":{"rendered":"\n<figure class=\"wp-block-image\"><img loading=\"lazy\" decoding=\"async\" width=\"238\" height=\"178\" src=\"https:\/\/www.motopraxis.at\/wp-content\/uploads\/2014\/06\/foto.png\" alt=\"\" class=\"wp-image-246\"\/><\/figure>\n\n\n\n<p>Psychomotorische Entwicklungsbegleitung f\u00fcr Menschen von 0 bis 100 und mehr Jahren <\/p>\n\n\n\n<p><br>Katharina K\u00f6stler, Jahrgang 1981, verheiratet, 2 Kinder  <br>Ausbildung zur Kindergarten- und Hortp\u00e4dagogin in Mistelbach  <br>6 Jahre Hortleiterin in Gro\u00dfebersdorf  <br>Zusatzausbildung zur Montessorip\u00e4dagogin, Motop\u00e4dagogin, Motogeragogin  <br>Zusatzqualifikation Intergenerative Kompetenzen  <br>Selbst\u00e4ndige Motop\u00e4dagogin und \u2013geragogin <\/p>\n\n\n\n<figure class=\"wp-block-image\"><img loading=\"lazy\" decoding=\"async\" width=\"183\" height=\"139\" src=\"https:\/\/www.motopraxis.at\/wp-content\/uploads\/2014\/06\/logo.png\" alt=\"\" class=\"wp-image-251\"\/><\/figure>\n\n\n\n<p>Katharina K\u00f6stler <\/p>\n\n\n\n<p>katharina.koestler@gmx.at <\/p>\n\n\n\n<p>Telefon: 0650 \/ 85 30 248 <\/p>\n","protected":false},"excerpt":{"rendered":"<p>Psychomotorische Entwicklungsbegleitung f\u00fcr Menschen von 0 bis 100 und mehr Jahren Katharina K\u00f6stler, Jahrgang 1981, verheiratet, 2 Kinder Ausbildung zur Kindergarten- und Hortp\u00e4dagogin in Mistelbach 6 Jahre Hortleiterin in Gro\u00dfebersdorf Zusatzausbildung zur Montessorip\u00e4dagogin, Motop\u00e4dagogin, Motogeragogin Zusatzqualifikation Intergenerative Kompetenzen Selbst\u00e4ndige Motop\u00e4dagogin und \u2013geragogin Katharina K\u00f6stler katharina.koestler@gmx.at Telefon: 0650 \/ 85 30 248<\/p>\n","protected":false},"author":1,"featured_media":0,"parent":0,"menu_order":0,"comment_status":"closed","ping_status":"closed","template":"","meta":{"footnotes":""},"class_list":["post-756","page","type-page","status-publish","hentry"],"_links":{"self":[{"href":"https:\/\/www.motopraxis.at\/index.php?rest_route=\/wp\/v2\/pages\/756","targetHints":{"allow":["GET"]}}],"collection":[{"href":"https:\/\/www.motopraxis.at\/index.php?rest_route=\/wp\/v2\/pages"}],"about":[{"href":"https:\/\/www.motopraxis.at\/index.php?rest_route=\/wp\/v2\/types\/page"}],"author":[{"embeddable":true,"href":"https:\/\/www.motopraxis.at\/index.php?rest_route=\/wp\/v2\/users\/1"}],"replies":[{"embeddable":true,"href":"https:\/\/www.motopraxis.at\/index.php?rest_route=%2Fwp%2Fv2%2Fcomments&post=756"}],"version-history":[{"count":3,"href":"https:\/\/www.motopraxis.at\/index.php?rest_route=\/wp\/v2\/pages\/756\/revisions"}],"predecessor-version":[{"id":759,"href":"https:\/\/www.motopraxis.at\/index.php?rest_route=\/wp\/v2\/pages\/756\/revisions\/759"}],"wp:attachment":[{"href":"https:\/\/www.motopraxis.at\/index.php?rest_route=%2Fwp%2Fv2%2Fmedia&parent=756"}],"curies":[{"name":"wp","href":"https:\/\/api.w.org\/{rel}","templated":true}]}}